{"id":122,"date":"2022-06-19T20:35:17","date_gmt":"2022-06-19T18:35:17","guid":{"rendered":"https:\/\/www.kerwax.com\/melodium\/?page_id=122"},"modified":"2022-06-20T16:06:25","modified_gmt":"2022-06-20T14:06:25","slug":"about","status":"publish","type":"page","link":"https:\/\/www.melodium.fr\/fr\/about\/","title":{"rendered":"\u00c0 propos"},"content":{"rendered":"<div class=\"fusion-fullwidth fullwidth-box fusion-builder-row-1 nonhundred-percent-fullwidth non-hundred-percent-height-scrolling\" style=\"--awb-border-radius-top-left:0px;--awb-border-radius-top-right:0px;--awb-border-radius-bottom-right:0px;--awb-border-radius-bottom-left:0px;--awb-background-color:#000000;--awb-flex-wrap:wrap;\" ><div class=\"fusion-builder-row fusion-row\"><div class=\"fusion-layout-column fusion_builder_column fusion-builder-column-0 fusion_builder_column_1_1 1_1 fusion-one-full fusion-column-first fusion-column-last\" style=\"--awb-padding-bottom:5%;--awb-bg-size:cover;\"><div class=\"fusion-column-wrapper fusion-column-has-shadow fusion-flex-column-wrapper-legacy\"><div class=\"fusion-video fusion-youtube fusion-aligncenter\" style=\"--awb-max-width:600px;--awb-max-height:360px;--awb-width:100%;\"><div class=\"video-shortcode\"><lite-youtube videoid=\"L5zJL5PSw9c\" class=\"landscape\" params=\"wmode=transparent&autoplay=1&amp;enablejsapi=1\" title=\"YouTube video player 1\" data-button-label=\"Play Video\" width=\"600\" height=\"360\" data-thumbnail-size=\"auto\" data-no-cookie=\"on\"><\/lite-youtube><\/div><\/div><div class=\"fusion-text fusion-text-1\"><h3 style=\"text-align: center;\">La fabrication du Melodium 42Bn<\/h3>\n<\/div><div class=\"fusion-clearfix\"><\/div><\/div><\/div><div class=\"fusion-layout-column fusion_builder_column fusion-builder-column-1 fusion_builder_column_1_1 1_1 fusion-one-full fusion-column-first fusion-column-last\" style=\"--awb-bg-size:cover;\"><div class=\"fusion-column-wrapper fusion-column-has-shadow fusion-flex-column-wrapper-legacy\"><div class=\"fusion-text fusion-text-2\" style=\"--awb-text-transform:none;\"><h2>L'id\u00e9e<\/h2>\n<p>Pendant des ann\u00e9es, nous avons utilis\u00e9 le microphone \u00e0 ruban Melodium 42B original dans la configuration du <a href=\"https:\/\/www.kerwax.com\/\" target=\"_blank\" rel=\"noopener noreferrer\">Studio Kerwax<\/a> Cet outil fabuleux nous a permis de cr\u00e9er une signature sonore unique.<\/p>\n<p>Nous avons d\u00e9cid\u00e9 de recr\u00e9er ce micro pour permettre \u00e0 d'autres de forger leur propre signature avec cet outil incroyable.<\/p>\n<p>Nous avons rachet\u00e9 la marque Melodium\u00ae, qui avait \u00e9t\u00e9 abandonn\u00e9e depuis des d\u00e9cennies. Nous avons travaill\u00e9 assid\u00fbment pendant plusieurs ann\u00e9es pour diss\u00e9quer le mod\u00e8le original et affiner sa nouvelle version, le Melodium 42Bn.<\/p>\n<h2>Qu'est-ce que c'est ?<\/h2>\n<p>Le Melodium 42Bn est un nouveau microphone \u00e0 ruban directement inspir\u00e9 de son pr\u00e9d\u00e9cesseur, le Melodium 42B.<\/p>\n<p>Le microphone original, fabriqu\u00e9 de la fin des ann\u00e9es 40 \u00e0 la fin des ann\u00e9es 60, avait un avantage li\u00e9 \u00e0 sa conception : son ruban \u00e9tait l'un des plus grands jamais fabriqu\u00e9s. Entour\u00e9 de 4 \u00e9normes aimants AlNiCo, il d\u00e9livrait un son doux et chaud gr\u00e2ce \u00e0 un transformateur \u00e9l\u00e9vateur sp\u00e9cifique qui \u00e9tait con\u00e7u pour adapter l'imp\u00e9dance mais aussi agir comme un filtre passif. Le Melodium 42B se compare facilement \u00e0 ses homologues am\u00e9ricains et allemands de la m\u00eame \u00e9poque.<\/p>\n<p>Le nouveau Melodium 42Bn (le \"n\" est pour \"nouveau\") est bas\u00e9 sur la m\u00eame technologie d'aimant, un moteur optimis\u00e9, une construction m\u00e9canique globalement am\u00e9lior\u00e9e, un transformateur bobin\u00e9 sur mesure offrant une imp\u00e9dance de sortie plus \u00e9lev\u00e9e, et une prise XLR classique, rendant le microphone facile \u00e0 utiliser dans un environnement moderne. Nous avons fait le choix de supprimer le syst\u00e8me de filtre passif, qui n'a plus vraiment sa place dans l'environnement du studio.<\/p>\n<p>Ainsi, le Melodium 42Bn est le v\u00e9ritable successeur du 42B original, gr\u00e2ce \u00e0 l'utilisation d'un tr\u00e8s grand ruban et d'aimants AlNiCo 600, qui lui permettent de conserver sa sonorit\u00e9 caract\u00e9ristique, tout en \u00e9vitant les sons surcharg\u00e9s de certains microphones utilisant la technologie du n\u00e9odyme. Les am\u00e9liorations modernes lui permettent de trouver sa place dans toute configuration de studio contemporaine.<\/p>\n<p>Le microphone, la bo\u00eete et tous les accessoires sont fabriqu\u00e9s avec soin et amour, la plupart des pi\u00e8ces \u00e9tant d'origine et de fabrication locales. Du micro lui-m\u00eame jusqu'\u00e0 la bo\u00eete en bois, tout est fait \u00e0 la main en France. Nous avons fait le choix de travailler avec une fonderie locale, un artisan qui fabrique la bo\u00eete dans le Jura et des fournisseurs qui travaillent dans le respect de l'environnement et des personnes.<\/p>\n<p>Nous avons atteint notre objectif : pouvoir recr\u00e9er ce microphone l\u00e9gendaire en respectant ses cr\u00e9ateurs originaux, Charles Boutelleau et Emile Furn.<\/p>\n<p>Le micro \u00e0 ruban fran\u00e7ais Melodium 42B est de retour. Le 42Bn attend des ing\u00e9nieurs du son passionn\u00e9s. Vous pouvez <a href=\"http:\/\/www.melodium.fr\/fr\/produit\/melodium-42bn\/\">l'acheter d\u00e8s maintenant<\/a>.<\/p>\n<h2>Sp\u00e9cifications du Melodium 42Bn<\/h2>\n<ul>\n<li>Principe : ruban \u00e0 v\u00e9locit\u00e9<\/li>\n<li>Directivit\u00e9 : figure en 8<\/li>\n<li>Type de ruban : aluminium pur 2,5 \u00b5m<\/li>\n<li>Aimants : AlNiCo 600<\/li>\n<li>Intensit\u00e9 du champ magn\u00e9tique : 4 400 Gauss<\/li>\n<li>Sensibilit\u00e9 : -50dBV @1kHz re 1Pa, circuit ouvert<\/li>\n<li>Imp\u00e9dance de sortie: 300 Ohms<\/li>\n<li>Connecteur : XLR-3M<\/li>\n<li>Dimensions : 320 x 140 x 50 mm (12 x 5.5 x 2 pouces)<\/li>\n<li>Poids: 2,7 kg (4.4 lbs)<\/li>\n<\/ul>\n<div id=\"attachment_138\" style=\"width: 810px\" class=\"wp-caption aligncenter\"><img decoding=\"async\" aria-describedby=\"caption-attachment-138\" class=\"lazyload wp-image-138\" src=\"http:\/\/www.melodium.fr\/wp-content\/uploads\/2020\/06\/melodium_motors-1024x683.jpg\" data-orig-src=\"http:\/\/www.melodium.fr\/wp-content\/uploads\/2020\/06\/melodium_motors-1024x683.jpg\" alt=\"\" width=\"800\" height=\"533\" srcset=\"data:image\/svg+xml,%3Csvg%20xmlns%3D%27http%3A%2F%2Fwww.w3.org%2F2000%2Fsvg%27%20width%3D%27800%27%20height%3D%27533%27%20viewBox%3D%270%200%20800%20533%27%3E%3Crect%20width%3D%27800%27%20height%3D%27533%27%20fill-opacity%3D%220%22%2F%3E%3C%2Fsvg%3E\" data-srcset=\"https:\/\/www.melodium.fr\/wp-content\/uploads\/2020\/06\/melodium_motors-200x133.jpg 200w, https:\/\/www.melodium.fr\/wp-content\/uploads\/2020\/06\/melodium_motors-300x200.jpg 300w, https:\/\/www.melodium.fr\/wp-content\/uploads\/2020\/06\/melodium_motors-400x267.jpg 400w, https:\/\/www.melodium.fr\/wp-content\/uploads\/2020\/06\/melodium_motors-500x333.jpg 500w, https:\/\/www.melodium.fr\/wp-content\/uploads\/2020\/06\/melodium_motors-600x400.jpg 600w, https:\/\/www.melodium.fr\/wp-content\/uploads\/2020\/06\/melodium_motors-768x512.jpg 768w, https:\/\/www.melodium.fr\/wp-content\/uploads\/2020\/06\/melodium_motors-800x533.jpg 800w, https:\/\/www.melodium.fr\/wp-content\/uploads\/2020\/06\/melodium_motors-1024x683.jpg 1024w, https:\/\/www.melodium.fr\/wp-content\/uploads\/2020\/06\/melodium_motors-1200x800.jpg 1200w, https:\/\/www.melodium.fr\/wp-content\/uploads\/2020\/06\/melodium_motors-1536x1024.jpg 1536w, https:\/\/www.melodium.fr\/wp-content\/uploads\/2020\/06\/melodium_motors-scaled.jpg 2560w\" data-sizes=\"auto\" data-orig-sizes=\"(max-width: 800px) 100vw, 800px\" \/><p id=\"caption-attachment-138\" class=\"wp-caption-text\">\u00c0 gauche : le 42B original, \u00e0 droite le nouveau 42Bn<\/p><\/div>\n<hr \/>\n<\/div><div class=\"fusion-sep-clear\"><\/div><div class=\"fusion-separator fusion-full-width-sep\" style=\"margin-left: auto;margin-right: auto;margin-top:10px;width:100%;\"><\/div><div class=\"fusion-sep-clear\"><\/div><div class=\"fusion-text fusion-text-3\" style=\"--awb-text-transform:none;\"><h2>Archive INA (1959)<\/h2>\n<\/div><div class=\"fusion-sep-clear\"><\/div><div class=\"fusion-separator fusion-full-width-sep\" style=\"margin-left: auto;margin-right: auto;margin-top:10px;width:100%;\"><\/div><div class=\"fusion-sep-clear\"><\/div><div class=\"fusion-video fusion-selfhosted-video fusion-aligncenter\" style=\"max-width:600px;\"><div class=\"video-wrapper\"><video playsinline=\"true\" width=\"100%\" style=\"object-fit: cover;\" poster=\"http:\/\/www.melodium.fr\/wp-content\/uploads\/2022\/06\/emission-radio-plein-feux-28-11-1959-150x150.jpg\" preload=\"metadata\" controls=\"1\"><source src=\"http:\/\/www.melodium.fr\/wp-content\/uploads\/2022\/06\/la-radio-emission-plein-feux-du-29-11-1959.mp4\" type=\"video\/mp4\">Sorry, your browser doesn&#039;t support embedded videos.<\/video><\/div><\/div><div class=\"fusion-text fusion-text-4\" style=\"--awb-text-transform:none;\"><h3>La radio<\/h3>\n<p><strong>\u00c9mission \u201cPlein feux\u201d \u2013 Vid\u00e9o (18:10) \u2013 28-11-1959<\/strong><\/p>\n<p>To better understand the work of sound in radio, visit a recording studio and a control room. Highlighting the importance of the microphone and the actor&#8217;s position in front of the microphone with the help of an example in pictures: an actor recites several texts while moving away from and then towards the microphone, showing that the distance or the closeness of the microphone creates the illusion of solemnity, or intimacy&#8230;<\/p>\n<\/div><div class=\"fusion-sep-clear\"><\/div><div class=\"fusion-separator fusion-full-width-sep\" style=\"margin-left: auto;margin-right: auto;margin-top:10px;width:100%;\"><\/div><div class=\"fusion-sep-clear\"><\/div><div class=\"fusion-text fusion-text-5\" style=\"--awb-text-transform:none;\"><hr \/>\n<p><em>L'\u00e9quipe Kerwax est constitu\u00e9e de : Marie et Christophe Chavanon, Ma\u00ebl Bellec, Olivier Pailler, avec l'aide de Vincent Paulic et \u00c9ric Berthelier.<\/em><br \/>\n<em>All pictures by Vincent Paulic. Movie: \u00a9 Radiodiffusion T\u00e9l\u00e9vision Fran\u00e7aise &#8211;\u00a0<\/em><i>ina.fr<\/i><\/p>\n<\/div><div class=\"fusion-clearfix\"><\/div><\/div><\/div><\/div><\/div>","protected":false},"excerpt":{"rendered":"","protected":false},"author":1,"featured_media":0,"parent":0,"menu_order":0,"comment_status":"closed","ping_status":"closed","template":"","meta":{"footnotes":""},"class_list":["post-122","page","type-page","status-publish","hentry"],"yoast_head":"<!-- This site is optimized with the Yoast SEO plugin v27.5 - https:\/\/yoast.com\/product\/yoast-seo-wordpress\/ -->\n<title>About - Melodium<\/title>\n<meta name=\"robots\" content=\"index, follow, max-snippet:-1, max-image-preview:large, max-video-preview:-1\" \/>\n<link rel=\"canonical\" href=\"http:\/\/www.melodium.fr\/fr\/about\/\" \/>\n<meta property=\"og:locale\" content=\"fr_FR\" \/>\n<meta property=\"og:type\" content=\"article\" \/>\n<meta property=\"og:title\" content=\"About - Melodium\" \/>\n<meta property=\"og:url\" content=\"http:\/\/www.melodium.fr\/fr\/about\/\" \/>\n<meta property=\"og:site_name\" content=\"Melodium\" \/>\n<meta property=\"article:publisher\" content=\"https:\/\/www.facebook.com\/melodiummics\" \/>\n<meta property=\"article:modified_time\" content=\"2022-06-20T14:06:25+00:00\" \/>\n<meta property=\"og:image\" content=\"http:\/\/www.melodium.fr\/wp-content\/uploads\/2020\/06\/melodium_motors-1024x683.jpg\" \/>\n<meta name=\"twitter:card\" content=\"summary_large_image\" \/>\n<meta name=\"twitter:label1\" content=\"Dur\u00e9e de lecture estim\u00e9e\" \/>\n\t<meta name=\"twitter:data1\" content=\"4 minutes\" \/>\n<script type=\"application\/ld+json\" class=\"yoast-schema-graph\">{\"@context\":\"https:\\\/\\\/schema.org\",\"@graph\":[{\"@type\":\"WebPage\",\"@id\":\"http:\\\/\\\/www.melodium.fr\\\/about\\\/\",\"url\":\"http:\\\/\\\/www.melodium.fr\\\/about\\\/\",\"name\":\"About - Melodium\",\"isPartOf\":{\"@id\":\"http:\\\/\\\/www.melodium.fr\\\/fr\\\/#website\"},\"primaryImageOfPage\":{\"@id\":\"http:\\\/\\\/www.melodium.fr\\\/about\\\/#primaryimage\"},\"image\":{\"@id\":\"http:\\\/\\\/www.melodium.fr\\\/about\\\/#primaryimage\"},\"thumbnailUrl\":\"http:\\\/\\\/www.melodium.fr\\\/wp-content\\\/uploads\\\/2020\\\/06\\\/melodium_motors-1024x683.jpg\",\"datePublished\":\"2022-06-19T18:35:17+00:00\",\"dateModified\":\"2022-06-20T14:06:25+00:00\",\"breadcrumb\":{\"@id\":\"http:\\\/\\\/www.melodium.fr\\\/about\\\/#breadcrumb\"},\"inLanguage\":\"fr-FR\",\"potentialAction\":[{\"@type\":\"ReadAction\",\"target\":[\"http:\\\/\\\/www.melodium.fr\\\/about\\\/\"]}]},{\"@type\":\"ImageObject\",\"inLanguage\":\"fr-FR\",\"@id\":\"http:\\\/\\\/www.melodium.fr\\\/about\\\/#primaryimage\",\"url\":\"http:\\\/\\\/www.melodium.fr\\\/wp-content\\\/uploads\\\/2020\\\/06\\\/melodium_motors-1024x683.jpg\",\"contentUrl\":\"http:\\\/\\\/www.melodium.fr\\\/wp-content\\\/uploads\\\/2020\\\/06\\\/melodium_motors-1024x683.jpg\"},{\"@type\":\"BreadcrumbList\",\"@id\":\"http:\\\/\\\/www.melodium.fr\\\/about\\\/#breadcrumb\",\"itemListElement\":[{\"@type\":\"ListItem\",\"position\":1,\"name\":\"Accueil\",\"item\":\"http:\\\/\\\/www.melodium.fr\\\/\"},{\"@type\":\"ListItem\",\"position\":2,\"name\":\"About\"}]},{\"@type\":\"WebSite\",\"@id\":\"http:\\\/\\\/www.melodium.fr\\\/fr\\\/#website\",\"url\":\"http:\\\/\\\/www.melodium.fr\\\/fr\\\/\",\"name\":\"Melodium\",\"description\":\"\",\"publisher\":{\"@id\":\"http:\\\/\\\/www.melodium.fr\\\/fr\\\/#organization\"},\"potentialAction\":[{\"@type\":\"SearchAction\",\"target\":{\"@type\":\"EntryPoint\",\"urlTemplate\":\"http:\\\/\\\/www.melodium.fr\\\/fr\\\/?s={search_term_string}\"},\"query-input\":{\"@type\":\"PropertyValueSpecification\",\"valueRequired\":true,\"valueName\":\"search_term_string\"}}],\"inLanguage\":\"fr-FR\"},{\"@type\":\"Organization\",\"@id\":\"http:\\\/\\\/www.melodium.fr\\\/fr\\\/#organization\",\"name\":\"Melodium\",\"url\":\"http:\\\/\\\/www.melodium.fr\\\/fr\\\/\",\"logo\":{\"@type\":\"ImageObject\",\"inLanguage\":\"fr-FR\",\"@id\":\"http:\\\/\\\/www.melodium.fr\\\/fr\\\/#\\\/schema\\\/logo\\\/image\\\/\",\"url\":\"http:\\\/\\\/www.melodium.fr\\\/wp-content\\\/uploads\\\/2020\\\/07\\\/Logo_Melodium_5.png\",\"contentUrl\":\"http:\\\/\\\/www.melodium.fr\\\/wp-content\\\/uploads\\\/2020\\\/07\\\/Logo_Melodium_5.png\",\"width\":284,\"height\":284,\"caption\":\"Melodium\"},\"image\":{\"@id\":\"http:\\\/\\\/www.melodium.fr\\\/fr\\\/#\\\/schema\\\/logo\\\/image\\\/\"},\"sameAs\":[\"https:\\\/\\\/www.facebook.com\\\/melodiummics\",\"https:\\\/\\\/www.instagram.com\\\/melodium42bn\\\/\"]}]}<\/script>\n<!-- \/ Yoast SEO plugin. -->","yoast_head_json":{"title":"About - Melodium","robots":{"index":"index","follow":"follow","max-snippet":"max-snippet:-1","max-image-preview":"max-image-preview:large","max-video-preview":"max-video-preview:-1"},"canonical":"http:\/\/www.melodium.fr\/fr\/about\/","og_locale":"fr_FR","og_type":"article","og_title":"About - Melodium","og_url":"http:\/\/www.melodium.fr\/fr\/about\/","og_site_name":"Melodium","article_publisher":"https:\/\/www.facebook.com\/melodiummics","article_modified_time":"2022-06-20T14:06:25+00:00","og_image":[{"url":"http:\/\/www.melodium.fr\/wp-content\/uploads\/2020\/06\/melodium_motors-1024x683.jpg","type":"","width":"","height":""}],"twitter_card":"summary_large_image","twitter_misc":{"Dur\u00e9e de lecture estim\u00e9e":"4 minutes"},"schema":{"@context":"https:\/\/schema.org","@graph":[{"@type":"WebPage","@id":"http:\/\/www.melodium.fr\/about\/","url":"http:\/\/www.melodium.fr\/about\/","name":"About - Melodium","isPartOf":{"@id":"http:\/\/www.melodium.fr\/fr\/#website"},"primaryImageOfPage":{"@id":"http:\/\/www.melodium.fr\/about\/#primaryimage"},"image":{"@id":"http:\/\/www.melodium.fr\/about\/#primaryimage"},"thumbnailUrl":"http:\/\/www.melodium.fr\/wp-content\/uploads\/2020\/06\/melodium_motors-1024x683.jpg","datePublished":"2022-06-19T18:35:17+00:00","dateModified":"2022-06-20T14:06:25+00:00","breadcrumb":{"@id":"http:\/\/www.melodium.fr\/about\/#breadcrumb"},"inLanguage":"fr-FR","potentialAction":[{"@type":"ReadAction","target":["http:\/\/www.melodium.fr\/about\/"]}]},{"@type":"ImageObject","inLanguage":"fr-FR","@id":"http:\/\/www.melodium.fr\/about\/#primaryimage","url":"http:\/\/www.melodium.fr\/wp-content\/uploads\/2020\/06\/melodium_motors-1024x683.jpg","contentUrl":"http:\/\/www.melodium.fr\/wp-content\/uploads\/2020\/06\/melodium_motors-1024x683.jpg"},{"@type":"BreadcrumbList","@id":"http:\/\/www.melodium.fr\/about\/#breadcrumb","itemListElement":[{"@type":"ListItem","position":1,"name":"Accueil","item":"http:\/\/www.melodium.fr\/"},{"@type":"ListItem","position":2,"name":"About"}]},{"@type":"WebSite","@id":"http:\/\/www.melodium.fr\/fr\/#website","url":"http:\/\/www.melodium.fr\/fr\/","name":"Melodium","description":"","publisher":{"@id":"http:\/\/www.melodium.fr\/fr\/#organization"},"potentialAction":[{"@type":"SearchAction","target":{"@type":"EntryPoint","urlTemplate":"http:\/\/www.melodium.fr\/fr\/?s={search_term_string}"},"query-input":{"@type":"PropertyValueSpecification","valueRequired":true,"valueName":"search_term_string"}}],"inLanguage":"fr-FR"},{"@type":"Organization","@id":"http:\/\/www.melodium.fr\/fr\/#organization","name":"Melodium","url":"http:\/\/www.melodium.fr\/fr\/","logo":{"@type":"ImageObject","inLanguage":"fr-FR","@id":"http:\/\/www.melodium.fr\/fr\/#\/schema\/logo\/image\/","url":"http:\/\/www.melodium.fr\/wp-content\/uploads\/2020\/07\/Logo_Melodium_5.png","contentUrl":"http:\/\/www.melodium.fr\/wp-content\/uploads\/2020\/07\/Logo_Melodium_5.png","width":284,"height":284,"caption":"Melodium"},"image":{"@id":"http:\/\/www.melodium.fr\/fr\/#\/schema\/logo\/image\/"},"sameAs":["https:\/\/www.facebook.com\/melodiummics","https:\/\/www.instagram.com\/melodium42bn\/"]}]}},"jetpack_sharing_enabled":true,"_links":{"self":[{"href":"https:\/\/www.melodium.fr\/fr\/wp-json\/wp\/v2\/pages\/122","targetHints":{"allow":["GET"]}}],"collection":[{"href":"https:\/\/www.melodium.fr\/fr\/wp-json\/wp\/v2\/pages"}],"about":[{"href":"https:\/\/www.melodium.fr\/fr\/wp-json\/wp\/v2\/types\/page"}],"author":[{"embeddable":true,"href":"https:\/\/www.melodium.fr\/fr\/wp-json\/wp\/v2\/users\/1"}],"replies":[{"embeddable":true,"href":"https:\/\/www.melodium.fr\/fr\/wp-json\/wp\/v2\/comments?post=122"}],"version-history":[{"count":33,"href":"https:\/\/www.melodium.fr\/fr\/wp-json\/wp\/v2\/pages\/122\/revisions"}],"predecessor-version":[{"id":884,"href":"https:\/\/www.melodium.fr\/fr\/wp-json\/wp\/v2\/pages\/122\/revisions\/884"}],"wp:attachment":[{"href":"https:\/\/www.melodium.fr\/fr\/wp-json\/wp\/v2\/media?parent=122"}],"curies":[{"name":"wp","href":"https:\/\/api.w.org\/{rel}","templated":true}]}}